{"id":82,"date":"2021-02-24T16:53:34","date_gmt":"2021-02-24T16:53:34","guid":{"rendered":"https:\/\/heshkft.hu\/?page_id=82"},"modified":"2021-09-17T09:42:39","modified_gmt":"2021-09-17T09:42:39","slug":"leiras","status":"publish","type":"page","link":"https:\/\/heshkft.hu\/?page_id=82","title":{"rendered":"Bezeichnung"},"content":{"rendered":"\n<figure class=\"wp-block-image size-large is-style-rounded\"><img loading=\"lazy\" width=\"1024\" height=\"933\" src=\"https:\/\/heshkft.hu\/wp-content\/uploads\/2021\/09\/szigetvar-1-1024x933.jpg\" alt=\"\" class=\"wp-image-181\" srcset=\"https:\/\/heshkft.hu\/wp-content\/uploads\/2021\/09\/szigetvar-1-1024x933.jpg 1024w, https:\/\/heshkft.hu\/wp-content\/uploads\/2021\/09\/szigetvar-1-300x273.jpg 300w, https:\/\/heshkft.hu\/wp-content\/uploads\/2021\/09\/szigetvar-1-768x700.jpg 768w, https:\/\/heshkft.hu\/wp-content\/uploads\/2021\/09\/szigetvar-1-329x300.jpg 329w, https:\/\/heshkft.hu\/wp-content\/uploads\/2021\/09\/szigetvar-1.jpg 1039w\" sizes=\"(max-width: 1024px) 100vw, 1024px\" \/><\/figure>\n\n\n\n<p>Ehem. M\u00f6belladen in S\u00fcd-Ungarn in SZIGETV\u00c1R bei P\u00e9cs (F\u00fcnfkirchen), Entfernung ca. 30 km<\/p>\n\n<p><em>Szigetv\u00e1r, der Burg wurde um 1420 gebaut erst aus Lehm und sp\u00e4ter umgebaut und modernisiert als Teil versch. Burgen in S\u00fcdungarn.<\/em><\/p>\n\n<p><em>Hier fand die \u201eheldenhafte Verteidigung\u201c um Aug.-Sept. 1566 des Feldherren &nbsp;ZRINYI Mikl\u00f3s und seiner Anh\u00e4ngerschahft bzw.&nbsp; Bev\u00f6lkerung gegen die T\u00fcrken, angef\u00fchrt durch Suleiman I., verstorben am Ende der Belagerung und Vorort beerdigt, ber\u00fchmt geworden.<\/em><\/p>\n\n<p><em>Seit einigen Jahren bietet die Stadt auch durch eine sehr sch\u00f6ne Thermalbad Erholung f\u00fcr seine G\u00e4ste an.<\/em><\/p>\n\n<p>Besteh. zweigeschossige Geb\u00e4ude (EG+OG)&nbsp; \/s. Bilder\/ ca. 300m2 Nutzfl\u00e4che mit Nebenr\u00e4umen (B\u00fcro, Sanit\u00e4rr\u00e4ume) in einem Geb\u00e4udekomplex und Innenhof&nbsp; (gem. Nutzung ohne Aufteilung als Parkplatz f\u00fcr die Eigent\u00fcmer) mit Miteigent\u00fcmer als sog. \u201eB\u00fcrogenossenschaft\u201c mit Teilungserkl\u00e4rung . Eigent\u00fcmer (f. hier beschriebene Teileigentum) ist zur Zeit die Fa. H&amp;H GmbH eingetragen.<\/p><p><\/p>\n\n<p>Geb\u00e4ude wurde als Wohnanlage mit 6 Wohneinheiten (versch. Gr\u00f6\u00dfen) und Laden umgeplant und als Genehmigungsplan eingereicht.&nbsp; Eine Baugenehmigung ist vorhanden!<\/p><br>\n\n<p><strong>EG: &nbsp;&nbsp;&nbsp;&nbsp; Laden:&nbsp;&nbsp;&nbsp;&nbsp;&nbsp;&nbsp;&nbsp;&nbsp;&nbsp;&nbsp;&nbsp;&nbsp;&nbsp;&nbsp;&nbsp;&nbsp;&nbsp;&nbsp;&nbsp;&nbsp;&nbsp;&nbsp; 104,51 m2 (auch teilbar!)<\/strong><\/p>\n\n<p>1.OG:&nbsp;&nbsp; Whg-Nr. 1:&nbsp;&nbsp;&nbsp;&nbsp; &nbsp;&nbsp;&nbsp;&nbsp;&nbsp;&nbsp;&nbsp;&nbsp;&nbsp;&nbsp;&nbsp; &nbsp; 79,32 m2&nbsp; (3 ZiK\u00fcB)<\/p>\n\n<p>&nbsp;&nbsp;&nbsp;&nbsp;&nbsp;&nbsp;&nbsp;&nbsp;&nbsp;&nbsp;&nbsp; Whg-Nr. 2:&nbsp;&nbsp;&nbsp;&nbsp; &nbsp;&nbsp;&nbsp;&nbsp;&nbsp;&nbsp;&nbsp;&nbsp;&nbsp;&nbsp;&nbsp; &nbsp; 77,14 m2&nbsp; (3 ZiK\u00fcB)<\/p>\n\n<p><strong>&nbsp;&nbsp;&nbsp;&nbsp;&nbsp;&nbsp;&nbsp;&nbsp;&nbsp;&nbsp;&nbsp; Zw.-Su.: &nbsp;&nbsp;&nbsp;&nbsp;&nbsp;&nbsp;&nbsp;&nbsp;&nbsp;&nbsp;&nbsp;&nbsp;&nbsp;&nbsp;&nbsp;&nbsp;&nbsp;&nbsp;&nbsp; 156,46 m2<\/strong><\/p>\n\n<p>2.OG:&nbsp;&nbsp; Whg-Nr. 3:&nbsp;&nbsp;&nbsp;&nbsp; &nbsp;&nbsp;&nbsp;&nbsp;&nbsp;&nbsp;&nbsp;&nbsp;&nbsp;&nbsp;&nbsp; &nbsp; 49,58 m2&nbsp; (1 1\/2 ZiK\u00fcB)<\/p>\n\n<p>&nbsp;&nbsp;&nbsp;&nbsp;&nbsp;&nbsp;&nbsp;&nbsp;&nbsp;&nbsp;&nbsp; Whg-Nr. 4:&nbsp;&nbsp;&nbsp;&nbsp; &nbsp;&nbsp;&nbsp;&nbsp;&nbsp;&nbsp;&nbsp;&nbsp;&nbsp;&nbsp; &nbsp;&nbsp;52,73 m2&nbsp; (1 1\/2 ZiK\u00fcB)<\/p>\n\n<p>&nbsp;&nbsp;&nbsp;&nbsp;&nbsp;&nbsp;&nbsp;&nbsp;&nbsp;&nbsp;&nbsp; Whg-Nr. 5:&nbsp;&nbsp;&nbsp;&nbsp; &nbsp;&nbsp;&nbsp;&nbsp;&nbsp;&nbsp;&nbsp;&nbsp;&nbsp;&nbsp;&nbsp; &nbsp; 58,57 m2&nbsp; (2 ZiK\u00fcB)<\/p>\n\n<p><strong>&nbsp;&nbsp;&nbsp;&nbsp;&nbsp;&nbsp;&nbsp;&nbsp;&nbsp;&nbsp;&nbsp; Zw.-Su.: &nbsp;&nbsp;&nbsp;&nbsp;&nbsp;&nbsp;&nbsp;&nbsp;&nbsp;&nbsp;&nbsp;&nbsp;&nbsp;&nbsp;&nbsp;&nbsp;&nbsp;&nbsp;&nbsp; 160,88 m2<\/strong><\/p>\n\n<p><strong>DG:&nbsp;&nbsp;&nbsp;&nbsp; Whg-Nr. 6:&nbsp;&nbsp;&nbsp; &nbsp;&nbsp;&nbsp;&nbsp;&nbsp;&nbsp;&nbsp;&nbsp;&nbsp;&nbsp;&nbsp; &nbsp; 87,27 m2&nbsp; (Penthaus\/3 ZiK\u00fcB u. grosse Dachterasse 58 m2)<\/strong><\/p>\n\n<p>Wohnfl\u00e4che: &nbsp;&nbsp;&nbsp;&nbsp;&nbsp;&nbsp;&nbsp;&nbsp; 404,61 m2 \/ Wohnungen<\/p>\n\n<p>Gewerbefl.: &nbsp;&nbsp;&nbsp;&nbsp;&nbsp;&nbsp;&nbsp;&nbsp;&nbsp;&nbsp;&nbsp; 104,51 m2 \/ Laden<strong>Gesamt-Su.:&nbsp;&nbsp;&nbsp;&nbsp;&nbsp;&nbsp;&nbsp;&nbsp;&nbsp; 509,12 m2<\/strong><\/p>\n","protected":false},"excerpt":{"rendered":"<p>Ehem. M\u00f6belladen in S\u00fcd-Ungarn in SZIGETV\u00c1R bei P\u00e9cs (F\u00fcnfkirchen), Entfernung ca. 30 km Szigetv\u00e1r, der Burg wurde um 1420 gebaut erst aus Lehm und sp\u00e4ter umgebaut und modernisiert als Teil versch. Burgen in S\u00fcdungarn. Hier fand die \u201eheldenhafte Verteidigung\u201c um &hellip; <a href=\"https:\/\/heshkft.hu\/?page_id=82\">Egy kattint\u00e1s ide a folytat\u00e1shoz&#8230;. <span class=\"meta-nav\">&rarr;<\/span><\/a><\/p>\n","protected":false},"author":1,"featured_media":0,"parent":0,"menu_order":0,"comment_status":"closed","ping_status":"closed","template":"","meta":[],"_links":{"self":[{"href":"https:\/\/heshkft.hu\/index.php?rest_route=\/wp\/v2\/pages\/82"}],"collection":[{"href":"https:\/\/heshkft.hu\/index.php?rest_route=\/wp\/v2\/pages"}],"about":[{"href":"https:\/\/heshkft.hu\/index.php?rest_route=\/wp\/v2\/types\/page"}],"author":[{"embeddable":true,"href":"https:\/\/heshkft.hu\/index.php?rest_route=\/wp\/v2\/users\/1"}],"replies":[{"embeddable":true,"href":"https:\/\/heshkft.hu\/index.php?rest_route=%2Fwp%2Fv2%2Fcomments&post=82"}],"version-history":[{"count":8,"href":"https:\/\/heshkft.hu\/index.php?rest_route=\/wp\/v2\/pages\/82\/revisions"}],"predecessor-version":[{"id":183,"href":"https:\/\/heshkft.hu\/index.php?rest_route=\/wp\/v2\/pages\/82\/revisions\/183"}],"wp:attachment":[{"href":"https:\/\/heshkft.hu\/index.php?rest_route=%2Fwp%2Fv2%2Fmedia&parent=82"}],"curies":[{"name":"wp","href":"https:\/\/api.w.org\/{rel}","templated":true}]}}